{"id":3,"date":"2025-01-27T20:35:30","date_gmt":"2025-01-27T20:35:30","guid":{"rendered":"https:\/\/dreampx.com.br\/bomdiacomjesus\/?page_id=3"},"modified":"2025-01-30T13:08:14","modified_gmt":"2025-01-30T13:08:14","slug":"privacy-policy","status":"publish","type":"page","link":"https:\/\/dreampx.com.br\/bomdiacomjesus\/privacy-policy\/","title":{"rendered":"Pol\u00edtica de Privacidade"},"content":{"rendered":"\n<h2 class=\"wp-block-heading\">Quem somos<\/h2>\n\n\n\n<p>O endere\u00e7o do nosso site \u00e9: https:\/\/dreampx.com.br\/bomdiacomjesus.<\/p>\n\n\n\n<p>A cada novo amanhecer, Deus nos concede a b\u00ean\u00e7\u00e3o de recome\u00e7ar, renovar nossa f\u00e9 e seguir firmes no prop\u00f3sito que Ele tem para n\u00f3s. O Bom Dia com Jesus \u00e9 um espa\u00e7o dedicado a fortalecer sua caminhada crist\u00e3 por meio de mensagens inspiradoras, reflex\u00f5es b\u00edblicas e palavras de esperan\u00e7a.<\/p>\n\n\n\n<p>Aqui, voc\u00ea encontrar\u00e1 vers\u00edculos edificantes, devocionais di\u00e1rios e mensagens de otimismo para come\u00e7ar o dia na presen\u00e7a de Deus. Nosso prop\u00f3sito \u00e9 espalhar a luz de Cristo, trazendo paz ao cora\u00e7\u00e3o e motiva\u00e7\u00e3o para enfrentar os desafios da vida com f\u00e9 e confian\u00e7a no Senhor.<\/p>\n\n\n\n<p>Que este blog seja um canal de b\u00ean\u00e7\u00e3os para sua vida, um lugar onde sua f\u00e9 seja fortalecida e sua esperan\u00e7a renovada a cada dia. Vamos juntos compartilhar o amor de Deus e espalhar Sua Palavra!<\/p>\n\n\n\n<p>\ud83d\udcd6 &#8220;Este \u00e9 o dia que fez o Senhor; regozijemo-nos e alegremo-nos nele.&#8221; \u2013 Salmos 118:24<\/p>\n\n\n\n<p>Deus aben\u00e7oe voc\u00ea! \ud83d\ude4f\u2728<\/p>\n\n\n\n<p><strong>Coment\u00e1rios<\/strong><\/p>\n\n\n\n<p>Quando os visitantes deixam coment\u00e1rios no site, coletamos os dados mostrados no formul\u00e1rio de coment\u00e1rios, al\u00e9m do endere\u00e7o IP do visitante e da string do agente do usu\u00e1rio do navegador para ajudar na detec\u00e7\u00e3o de spam.<\/p>\n\n\n\n<p>Uma string an\u00f4nima criada a partir do seu endere\u00e7o de e-mail (tamb\u00e9m chamada de hash) pode ser fornecida ao servi\u00e7o Gravatar para verificar se voc\u00ea o est\u00e1 usando. A pol\u00edtica de privacidade do servi\u00e7o Gravatar est\u00e1 dispon\u00edvel aqui: https:\/\/automattic.com\/privacy\/. Ap\u00f3s a aprova\u00e7\u00e3o do seu coment\u00e1rio, sua foto de perfil fica vis\u00edvel ao p\u00fablico no contexto do seu coment\u00e1rio.<\/p>\n\n\n\n<p><strong>M\u00eddia<\/strong><br>Se voc\u00ea enviar imagens para o site, evite enviar imagens com dados de localiza\u00e7\u00e3o incorporados (EXIF GPS) inclu\u00eddos. Os visitantes do site podem baixar e extrair quaisquer dados de localiza\u00e7\u00e3o das imagens no site.<\/p>\n\n\n\n<p><strong>Cookies<\/strong><br>Se voc\u00ea deixar um coment\u00e1rio em nosso site, voc\u00ea pode optar por salvar seu nome, endere\u00e7o de e-mail e site em cookies. Eles s\u00e3o para sua conveni\u00eancia, para que voc\u00ea n\u00e3o precise preencher seus dados novamente quando deixar outro coment\u00e1rio. Esses cookies duram um ano.<\/p>\n\n\n\n<p>Se voc\u00ea visitar nossa p\u00e1gina de login, definiremos um cookie tempor\u00e1rio para determinar se seu navegador aceita cookies. Este cookie n\u00e3o cont\u00e9m dados pessoais e \u00e9 descartado quando voc\u00ea fecha seu navegador.<\/p>\n\n\n\n<p>Quando voc\u00ea faz login, tamb\u00e9m configuramos v\u00e1rios cookies para salvar suas informa\u00e7\u00f5es de login e suas op\u00e7\u00f5es de exibi\u00e7\u00e3o de tela. Os cookies de login duram dois dias, e os cookies de op\u00e7\u00f5es de tela duram um ano. Se voc\u00ea selecionar &#8220;Lembrar de mim&#8221;, seu login persistir\u00e1 por duas semanas. Se voc\u00ea sair da sua conta, os cookies de login ser\u00e3o removidos.<\/p>\n\n\n\n<p>Se voc\u00ea editar ou publicar um artigo, um cookie adicional ser\u00e1 salvo em seu navegador. Este cookie n\u00e3o inclui dados pessoais e simplesmente indica o ID da postagem do artigo que voc\u00ea acabou de editar. Ele expira ap\u00f3s 1 dia.<\/p>\n\n\n\n<p><strong>Conte\u00fado incorporado de outros sites<\/strong><br>Os artigos neste site podem incluir conte\u00fado incorporado (por exemplo, v\u00eddeos, imagens, artigos, etc.). O conte\u00fado incorporado de outros sites se comporta exatamente da mesma maneira como se o visitante tivesse visitado o outro site.<\/p>\n\n\n\n<p>Esses sites podem coletar dados sobre voc\u00ea, usar cookies, incorporar rastreamento adicional de terceiros e monitorar sua intera\u00e7\u00e3o com esse conte\u00fado incorporado, incluindo o rastreamento de sua intera\u00e7\u00e3o com o conte\u00fado incorporado se voc\u00ea tiver uma conta e estiver conectado a esse site.<\/p>\n\n\n\n<p><strong>Com quem compartilhamos seus dados<\/strong><br>Se voc\u00ea solicitar uma redefini\u00e7\u00e3o de senha, seu endere\u00e7o IP ser\u00e1 inclu\u00eddo no e-mail de redefini\u00e7\u00e3o.<\/p>\n\n\n\n<p><strong>Por quanto tempo retemos seus dados<\/strong><br>Se voc\u00ea deixar um coment\u00e1rio, o coment\u00e1rio e seus metadados ser\u00e3o retidos indefinidamente. Isso \u00e9 para que possamos reconhecer e aprovar quaisquer coment\u00e1rios de acompanhamento automaticamente em vez de mant\u00ea-los em uma fila de modera\u00e7\u00e3o.<\/p>\n\n\n\n<p>Para usu\u00e1rios que se registram em nosso site (se houver), tamb\u00e9m armazenamos as informa\u00e7\u00f5es pessoais que eles fornecem em seu perfil de usu\u00e1rio. Todos os usu\u00e1rios podem ver, editar ou excluir suas informa\u00e7\u00f5es pessoais a qualquer momento (exceto que n\u00e3o podem alterar seu nome de usu\u00e1rio). Os administradores do site tamb\u00e9m podem ver e editar essas informa\u00e7\u00f5es.<\/p>\n\n\n\n<p><strong>Quais direitos voc\u00ea tem sobre seus dados<\/strong><br>Se voc\u00ea tem uma conta neste site ou deixou coment\u00e1rios, pode solicitar o recebimento de um arquivo exportado dos dados pessoais que temos sobre voc\u00ea, incluindo quaisquer dados que voc\u00ea nos forneceu. Voc\u00ea tamb\u00e9m pode solicitar que apaguemos quaisquer dados pessoais que temos sobre voc\u00ea. Isso n\u00e3o inclui quaisquer dados que somos obrigados a manter para fins administrativos, legais ou de seguran\u00e7a.<\/p>\n\n\n\n<p><strong>Para onde seus dados s\u00e3o enviados<\/strong><br>Os coment\u00e1rios dos visitantes podem ser verificados por meio de um servi\u00e7o automatizado de detec\u00e7\u00e3o de spam.<\/p>\n","protected":false},"excerpt":{"rendered":"<p>Quem somos O endere\u00e7o do nosso site \u00e9: https:\/\/dreampx.com.br\/bomdiacomjesus. A cada novo amanhecer, Deus nos concede a b\u00ean\u00e7\u00e3o de recome\u00e7ar, renovar nossa f\u00e9 e seguir firmes no prop\u00f3sito que Ele tem para n\u00f3s. O Bom Dia com Jesus \u00e9 um espa\u00e7o dedicado a fortalecer sua caminhada crist\u00e3 por meio de mensagens inspiradoras, reflex\u00f5es b\u00edblicas e [&hellip;]<\/p>\n","protected":false},"author":1,"featured_media":0,"parent":0,"menu_order":0,"comment_status":"closed","ping_status":"closed","template":"","meta":{"footnotes":""},"class_list":["post-3","page","type-page","status-publish","hentry"],"yoast_head":"<!-- This site is optimized with the Yoast SEO plugin v24.3 - https:\/\/yoast.com\/wordpress\/plugins\/seo\/ -->\n<title>Pol\u00edtica de Privacidade - Bom Dia Com Jesus<\/title>\n<meta name=\"robots\" content=\"index, follow, max-snippet:-1, max-image-preview:large, max-video-preview:-1\" \/>\n<link rel=\"canonical\" href=\"https:\/\/dreampx.com.br\/bomdiacomjesus\/privacy-policy\/\" \/>\n<meta property=\"og:locale\" content=\"pt_BR\" \/>\n<meta property=\"og:type\" content=\"article\" \/>\n<meta property=\"og:title\" content=\"Pol\u00edtica de Privacidade - Bom Dia Com Jesus\" \/>\n<meta property=\"og:description\" content=\"Quem somos O endere\u00e7o do nosso site \u00e9: https:\/\/dreampx.com.br\/bomdiacomjesus. A cada novo amanhecer, Deus nos concede a b\u00ean\u00e7\u00e3o de recome\u00e7ar, renovar nossa f\u00e9 e seguir firmes no prop\u00f3sito que Ele tem para n\u00f3s. O Bom Dia com Jesus \u00e9 um espa\u00e7o dedicado a fortalecer sua caminhada crist\u00e3 por meio de mensagens inspiradoras, reflex\u00f5es b\u00edblicas e [&hellip;]\" \/>\n<meta property=\"og:url\" content=\"https:\/\/dreampx.com.br\/bomdiacomjesus\/privacy-policy\/\" \/>\n<meta property=\"og:site_name\" content=\"Bom Dia Com Jesus\" \/>\n<meta property=\"article:publisher\" content=\"https:\/\/www.facebook.com\/jesus.com.bomdia\" \/>\n<meta property=\"article:modified_time\" content=\"2025-01-30T13:08:14+00:00\" \/>\n<meta name=\"twitter:card\" content=\"summary_large_image\" \/>\n<meta name=\"twitter:label1\" content=\"Est. tempo de leitura\" \/>\n\t<meta name=\"twitter:data1\" content=\"5 minutos\" \/>\n<script type=\"application\/ld+json\" class=\"yoast-schema-graph\">{\"@context\":\"https:\/\/schema.org\",\"@graph\":[{\"@type\":\"WebPage\",\"@id\":\"https:\/\/dreampx.com.br\/bomdiacomjesus\/privacy-policy\/\",\"url\":\"https:\/\/dreampx.com.br\/bomdiacomjesus\/privacy-policy\/\",\"name\":\"Pol\u00edtica de Privacidade - Bom Dia Com Jesus\",\"isPartOf\":{\"@id\":\"https:\/\/dreampx.com.br\/bomdiacomjesus\/#website\"},\"datePublished\":\"2025-01-27T20:35:30+00:00\",\"dateModified\":\"2025-01-30T13:08:14+00:00\",\"breadcrumb\":{\"@id\":\"https:\/\/dreampx.com.br\/bomdiacomjesus\/privacy-policy\/#breadcrumb\"},\"inLanguage\":\"pt-BR\",\"potentialAction\":[{\"@type\":\"ReadAction\",\"target\":[\"https:\/\/dreampx.com.br\/bomdiacomjesus\/privacy-policy\/\"]}]},{\"@type\":\"BreadcrumbList\",\"@id\":\"https:\/\/dreampx.com.br\/bomdiacomjesus\/privacy-policy\/#breadcrumb\",\"itemListElement\":[{\"@type\":\"ListItem\",\"position\":1,\"name\":\"In\u00edcio\",\"item\":\"https:\/\/dreampx.com.br\/bomdiacomjesus\/\"},{\"@type\":\"ListItem\",\"position\":2,\"name\":\"Pol\u00edtica de Privacidade\"}]},{\"@type\":\"WebSite\",\"@id\":\"https:\/\/dreampx.com.br\/bomdiacomjesus\/#website\",\"url\":\"https:\/\/dreampx.com.br\/bomdiacomjesus\/\",\"name\":\"Bom Dia Com Jesus\",\"description\":\"Site com mensagens b\u00edblicas, mensagens de otimismo, frases b\u00edblicas.\",\"publisher\":{\"@id\":\"https:\/\/dreampx.com.br\/bomdiacomjesus\/#organization\"},\"potentialAction\":[{\"@type\":\"SearchAction\",\"target\":{\"@type\":\"EntryPoint\",\"urlTemplate\":\"https:\/\/dreampx.com.br\/bomdiacomjesus\/?s={search_term_string}\"},\"query-input\":{\"@type\":\"PropertyValueSpecification\",\"valueRequired\":true,\"valueName\":\"search_term_string\"}}],\"inLanguage\":\"pt-BR\"},{\"@type\":\"Organization\",\"@id\":\"https:\/\/dreampx.com.br\/bomdiacomjesus\/#organization\",\"name\":\"Bom Dia Com Jesus\",\"url\":\"https:\/\/dreampx.com.br\/bomdiacomjesus\/\",\"logo\":{\"@type\":\"ImageObject\",\"inLanguage\":\"pt-BR\",\"@id\":\"https:\/\/dreampx.com.br\/bomdiacomjesus\/#\/schema\/logo\/image\/\",\"url\":\"https:\/\/dreampx.com.br\/bomdiacomjesus\/wp-content\/uploads\/2025\/01\/logobomdiacomjesus.png\",\"contentUrl\":\"https:\/\/dreampx.com.br\/bomdiacomjesus\/wp-content\/uploads\/2025\/01\/logobomdiacomjesus.png\",\"width\":1080,\"height\":1080,\"caption\":\"Bom Dia Com Jesus\"},\"image\":{\"@id\":\"https:\/\/dreampx.com.br\/bomdiacomjesus\/#\/schema\/logo\/image\/\"},\"sameAs\":[\"https:\/\/www.facebook.com\/jesus.com.bomdia\",\"https:\/\/www.instagram.com\/bomdia.com.jesus\/\",\"https:\/\/www.youtube.com\/@bomdiacomjesus1229\"]}]}<\/script>\n<!-- \/ Yoast SEO plugin. -->","yoast_head_json":{"title":"Pol\u00edtica de Privacidade - Bom Dia Com Jesus","robots":{"index":"index","follow":"follow","max-snippet":"max-snippet:-1","max-image-preview":"max-image-preview:large","max-video-preview":"max-video-preview:-1"},"canonical":"https:\/\/dreampx.com.br\/bomdiacomjesus\/privacy-policy\/","og_locale":"pt_BR","og_type":"article","og_title":"Pol\u00edtica de Privacidade - Bom Dia Com Jesus","og_description":"Quem somos O endere\u00e7o do nosso site \u00e9: https:\/\/dreampx.com.br\/bomdiacomjesus. A cada novo amanhecer, Deus nos concede a b\u00ean\u00e7\u00e3o de recome\u00e7ar, renovar nossa f\u00e9 e seguir firmes no prop\u00f3sito que Ele tem para n\u00f3s. O Bom Dia com Jesus \u00e9 um espa\u00e7o dedicado a fortalecer sua caminhada crist\u00e3 por meio de mensagens inspiradoras, reflex\u00f5es b\u00edblicas e [&hellip;]","og_url":"https:\/\/dreampx.com.br\/bomdiacomjesus\/privacy-policy\/","og_site_name":"Bom Dia Com Jesus","article_publisher":"https:\/\/www.facebook.com\/jesus.com.bomdia","article_modified_time":"2025-01-30T13:08:14+00:00","twitter_card":"summary_large_image","twitter_misc":{"Est. tempo de leitura":"5 minutos"},"schema":{"@context":"https:\/\/schema.org","@graph":[{"@type":"WebPage","@id":"https:\/\/dreampx.com.br\/bomdiacomjesus\/privacy-policy\/","url":"https:\/\/dreampx.com.br\/bomdiacomjesus\/privacy-policy\/","name":"Pol\u00edtica de Privacidade - Bom Dia Com Jesus","isPartOf":{"@id":"https:\/\/dreampx.com.br\/bomdiacomjesus\/#website"},"datePublished":"2025-01-27T20:35:30+00:00","dateModified":"2025-01-30T13:08:14+00:00","breadcrumb":{"@id":"https:\/\/dreampx.com.br\/bomdiacomjesus\/privacy-policy\/#breadcrumb"},"inLanguage":"pt-BR","potentialAction":[{"@type":"ReadAction","target":["https:\/\/dreampx.com.br\/bomdiacomjesus\/privacy-policy\/"]}]},{"@type":"BreadcrumbList","@id":"https:\/\/dreampx.com.br\/bomdiacomjesus\/privacy-policy\/#breadcrumb","itemListElement":[{"@type":"ListItem","position":1,"name":"In\u00edcio","item":"https:\/\/dreampx.com.br\/bomdiacomjesus\/"},{"@type":"ListItem","position":2,"name":"Pol\u00edtica de Privacidade"}]},{"@type":"WebSite","@id":"https:\/\/dreampx.com.br\/bomdiacomjesus\/#website","url":"https:\/\/dreampx.com.br\/bomdiacomjesus\/","name":"Bom Dia Com Jesus","description":"Site com mensagens b\u00edblicas, mensagens de otimismo, frases b\u00edblicas.","publisher":{"@id":"https:\/\/dreampx.com.br\/bomdiacomjesus\/#organization"},"potentialAction":[{"@type":"SearchAction","target":{"@type":"EntryPoint","urlTemplate":"https:\/\/dreampx.com.br\/bomdiacomjesus\/?s={search_term_string}"},"query-input":{"@type":"PropertyValueSpecification","valueRequired":true,"valueName":"search_term_string"}}],"inLanguage":"pt-BR"},{"@type":"Organization","@id":"https:\/\/dreampx.com.br\/bomdiacomjesus\/#organization","name":"Bom Dia Com Jesus","url":"https:\/\/dreampx.com.br\/bomdiacomjesus\/","logo":{"@type":"ImageObject","inLanguage":"pt-BR","@id":"https:\/\/dreampx.com.br\/bomdiacomjesus\/#\/schema\/logo\/image\/","url":"https:\/\/dreampx.com.br\/bomdiacomjesus\/wp-content\/uploads\/2025\/01\/logobomdiacomjesus.png","contentUrl":"https:\/\/dreampx.com.br\/bomdiacomjesus\/wp-content\/uploads\/2025\/01\/logobomdiacomjesus.png","width":1080,"height":1080,"caption":"Bom Dia Com Jesus"},"image":{"@id":"https:\/\/dreampx.com.br\/bomdiacomjesus\/#\/schema\/logo\/image\/"},"sameAs":["https:\/\/www.facebook.com\/jesus.com.bomdia","https:\/\/www.instagram.com\/bomdia.com.jesus\/","https:\/\/www.youtube.com\/@bomdiacomjesus1229"]}]}},"_links":{"self":[{"href":"https:\/\/dreampx.com.br\/bomdiacomjesus\/wp-json\/wp\/v2\/pages\/3","targetHints":{"allow":["GET"]}}],"collection":[{"href":"https:\/\/dreampx.com.br\/bomdiacomjesus\/wp-json\/wp\/v2\/pages"}],"about":[{"href":"https:\/\/dreampx.com.br\/bomdiacomjesus\/wp-json\/wp\/v2\/types\/page"}],"author":[{"embeddable":true,"href":"https:\/\/dreampx.com.br\/bomdiacomjesus\/wp-json\/wp\/v2\/users\/1"}],"replies":[{"embeddable":true,"href":"https:\/\/dreampx.com.br\/bomdiacomjesus\/wp-json\/wp\/v2\/comments?post=3"}],"version-history":[{"count":1,"href":"https:\/\/dreampx.com.br\/bomdiacomjesus\/wp-json\/wp\/v2\/pages\/3\/revisions"}],"predecessor-version":[{"id":1568,"href":"https:\/\/dreampx.com.br\/bomdiacomjesus\/wp-json\/wp\/v2\/pages\/3\/revisions\/1568"}],"wp:attachment":[{"href":"https:\/\/dreampx.com.br\/bomdiacomjesus\/wp-json\/wp\/v2\/media?parent=3"}],"curies":[{"name":"wp","href":"https:\/\/api.w.org\/{rel}","templated":true}]}}